{"id":7599,"date":"2023-03-01T12:28:07","date_gmt":"2023-03-01T11:28:07","guid":{"rendered":"https:\/\/fie.no\/ungdomssymfonikerne\/"},"modified":"2026-04-23T13:23:06","modified_gmt":"2026-04-23T11:23:06","slug":"ungdomssymfonikerne","status":"publish","type":"page","link":"https:\/\/fie.no\/en\/historie\/ungdomssymfonikerne\/","title":{"rendered":"Youth Symphony Orchestra"},"content":{"rendered":"\t\t<div data-elementor-type=\"wp-page\" data-elementor-id=\"7599\" class=\"elementor elementor-7599 elementor-5539\" data-elementor-post-type=\"page\">\n\t\t\t\t<div class=\"elementor-element elementor-element-19ea1530 white-bg--inner e-flex e-con-boxed e-con e-parent\" data-id=\"19ea1530\" data-element_type=\"container\" data-e-type=\"container\" data-settings=\"{&quot;background_background&quot;:&quot;classic&quot;,&quot;jet_parallax_layout_list&quot;:[]}\">\n\t\t\t\t\t<div class=\"e-con-inner\">\n\t\t<div class=\"elementor-element elementor-element-1c79047f e-con-full e-flex e-con e-child\" data-id=\"1c79047f\" data-element_type=\"container\" data-e-type=\"container\" data-settings=\"{&quot;jet_parallax_layout_list&quot;:[]}\">\n\t\t\t\t<div class=\"elementor-element elementor-element-6b5ed417 title-primary--garamond elementor-widget elementor-widget-heading\" data-id=\"6b5ed417\" data-element_type=\"widget\" data-e-type=\"widget\" data-widget_type=\"heading.default\">\n\t\t\t\t<div class=\"elementor-widget-container\">\n\t\t\t\t\t<h1 class=\"elementor-heading-title elementor-size-default\">Ungdomssymfonikerne<\/h1>\t\t\t\t<\/div>\n\t\t\t\t<\/div>\n\t\t\t\t<div class=\"elementor-element elementor-element-5c1bf64c elementor-widget-divider--view-line elementor-widget elementor-widget-divider\" data-id=\"5c1bf64c\" data-element_type=\"widget\" data-e-type=\"widget\" data-widget_type=\"divider.default\">\n\t\t\t\t<div class=\"elementor-widget-container\">\n\t\t\t\t\t\t\t<div class=\"elementor-divider\">\n\t\t\t<span class=\"elementor-divider-separator\">\n\t\t\t\t\t\t<\/span>\n\t\t<\/div>\n\t\t\t\t\t\t<\/div>\n\t\t\t\t<\/div>\n\t\t<div class=\"elementor-element elementor-element-62d34615 e-flex e-con-boxed e-con e-child\" data-id=\"62d34615\" data-element_type=\"container\" data-e-type=\"container\" data-settings=\"{&quot;background_background&quot;:&quot;classic&quot;,&quot;jet_parallax_layout_list&quot;:[]}\">\n\t\t\t\t\t<div class=\"e-con-inner\">\n\t\t\t\t\t<\/div>\n\t\t\t\t<\/div>\n\t\t\t\t<\/div>\n\t\t<div class=\"elementor-element elementor-element-1f4015f7 e-flex e-con-boxed e-con e-child\" data-id=\"1f4015f7\" data-element_type=\"container\" data-e-type=\"container\" data-settings=\"{&quot;jet_parallax_layout_list&quot;:[]}\">\n\t\t\t\t\t<div class=\"e-con-inner\">\n\t\t\t\t<div class=\"elementor-element elementor-element-70ea96f elementor-widget elementor-widget-heading\" data-id=\"70ea96f\" data-element_type=\"widget\" data-e-type=\"widget\" data-widget_type=\"heading.default\">\n\t\t\t\t<div class=\"elementor-widget-container\">\n\t\t\t\t\t<p class=\"elementor-heading-title elementor-size-default\">Historien om Norges nasjonale ungdomsorkester!<\/p>\t\t\t\t<\/div>\n\t\t\t\t<\/div>\n\t\t\t\t<div class=\"elementor-element elementor-element-480101c2 elementor-widget__width-inherit elementor-widget elementor-widget-text-editor\" data-id=\"480101c2\" data-element_type=\"widget\" data-e-type=\"widget\" data-widget_type=\"text-editor.default\">\n\t\t\t\t<div class=\"elementor-widget-container\">\n\t\t\t\t\t\t\t\t\t<p class=\"\" style=\"text-align: center;\">Ungdomssymfonikerne er Norges nasjonale ungdomsorkester og best\u00e5r av landets 100 mest talentfulle og dyktige musikkstudenter. Orkesteret blir regnet som et av de beste av sitt slag og har som visjon \u00e5 v\u00e6re anerkjent som et av Europas ledende ungdomsorkestre. Ungdomssymfonikerne spiller med topp internasjonale dirigenter og solister, og gjester jevnlig kjente klassiske festivaler i Europa. Helt siden oppstarten i 1973 har Ungdomssymfonikerne arrangert sommerkurs i Elverum og er en av grunnpilarene i Festspillene i Elverum. Orkesteret er, i tillegg til sitt h\u00f8ye musikalske niv\u00e5, ogs\u00e5 kjent for sitt gode sosiale milj\u00f8 og sin l\u00e6rerike atmosf\u00e6re. Orkesteret gj\u00f8r 5 produksjoner \u00e5rlig, fordelt p\u00e5 8\u201312 konserter, og spiller for et stort publikum.<\/p>\n<p class=\"\" style=\"text-align: center;\">Ungdomssymfonikerne ble grunnlagt i 1973 av de engasjerte musikkprofilene Leif J\u00f8rgensen (tidl. konsertmester i Oslo Filharmoniske Orkester), Harry Kveb\u00e6k (tidl. solotrompetist i Oslo Filharmoniske Orkester), og Karsten Andersen (tidl. sjefsdirigent i Bergen Filharmoniske orkester). Orkesterets m\u00e5lsetning har fra starten av v\u00e6rt \u00e5 gi unge musikere p\u00e5 vei mot en profesjonell karriere erfaring i \u00e5 spille i et fullt utbygd symfoniorkester og \u00e5 fremf\u00f8re sentralt orkesterrepertoire. Ungdomssymfonikerne skal v\u00e6re den ledende rekrutteringsinstansen for landets profesjonelle orkestre. Kursdeltakerne deltar \u00e5r etter \u00e5r og flere av dagens musikere i orkesteret er faktisk andregenerasjons deltakere.<\/p>\n<p class=\"\" style=\"text-align: center;\">Ungdomssymfonikerne har turnert verden over og spilt sammen med flere av verdens mest anerkjente solister og dirigenter. De senere \u00e5r har orkesteret gjestet konsertserien <em>SommerKlassisk<\/em> i Tivoli i K\u00f8benhavn en rekke ganger. Under festivalen <em>Young Euro Classic<\/em> i Berlin, har Ungdomssymfonikernes konserter to \u00e5r p\u00e5 rad (2015 og 2016) blitt beskrevet som noen av festivalens h\u00f8ydepunkt av internasjonal presse.<\/p>\n<p class=\"\" style=\"text-align: center;\">De siste \u00e5rene har Ungdomssymfonikerne spilt med dirigenter og solister som Juanjo Mena, Vasily Petrenko, Christian V\u00e1squez, Andrew Manze, Eliahu Inbal, Leif Ove Andsnes, Truls M\u00f8rk, Solveig Kringlebotn, H\u00e5kan Hardenberger, Barbara Hendricks, Henning Kraggerud, H\u00e5vard Gimse, Arve Tellefsen, Elisabeth Nordberg-Schulz og Ole Edvard Antonsen.<\/p>\n<p style=\"text-align: center;\">Les mer om Ungdomssymfonikerne <a href=\"https:\/\/www.ungsymf.no\/historikk\">her<\/a>.\u00a0<\/p>\n<p style=\"text-align: center;\"><em>Foto: Ole Wuttudal<\/em><\/p>\n\t\t\t\t\t\t\t\t<\/div>\n\t\t\t\t<\/div>\n\t\t\t\t\t<\/div>\n\t\t\t\t<\/div>\n\t\t\t\t\t<\/div>\n\t\t\t\t<\/div>\n\t\t\t\t<\/div>\n\t\t","protected":false},"excerpt":{"rendered":"<p>Ungdomssymfonikerne Historien om Norges nasjonale ungdomsorkester! Ungdomssymfonikerne er Norges nasjonale ungdomsorkester og best\u00e5r av landets 100 mest talentfulle og dyktige musikkstudenter. Orkesteret blir regnet som et av de beste av sitt slag og har som visjon \u00e5 v\u00e6re anerkjent som et av Europas ledende ungdomsorkestre. Ungdomssymfonikerne spiller med topp internasjonale dirigenter og solister, og gjester [&hellip;]<\/p>\n","protected":false},"author":1,"featured_media":0,"parent":7687,"menu_order":1,"comment_status":"closed","ping_status":"closed","template":"","meta":{"inline_featured_image":false,"_jet_sm_ready_style":"","_jet_sm_style":"","_jet_sm_controls_values":"","_jet_sm_fonts_collection":"","_jet_sm_fonts_links":"","footnotes":""},"class_list":["post-7599","page","type-page","status-publish","hentry"],"_links":{"self":[{"href":"https:\/\/fie.no\/en\/wp-json\/wp\/v2\/pages\/7599","targetHints":{"allow":["GET"]}}],"collection":[{"href":"https:\/\/fie.no\/en\/wp-json\/wp\/v2\/pages"}],"about":[{"href":"https:\/\/fie.no\/en\/wp-json\/wp\/v2\/types\/page"}],"author":[{"embeddable":true,"href":"https:\/\/fie.no\/en\/wp-json\/wp\/v2\/users\/1"}],"replies":[{"embeddable":true,"href":"https:\/\/fie.no\/en\/wp-json\/wp\/v2\/comments?post=7599"}],"version-history":[{"count":0,"href":"https:\/\/fie.no\/en\/wp-json\/wp\/v2\/pages\/7599\/revisions"}],"up":[{"embeddable":true,"href":"https:\/\/fie.no\/en\/wp-json\/wp\/v2\/pages\/7687"}],"wp:attachment":[{"href":"https:\/\/fie.no\/en\/wp-json\/wp\/v2\/media?parent=7599"}],"curies":[{"name":"wp","href":"https:\/\/api.w.org\/{rel}","templated":true}]}}