{"id":7654,"date":"2023-02-28T18:57:27","date_gmt":"2023-02-28T17:57:27","guid":{"rendered":"https:\/\/fie.no\/om-oss\/"},"modified":"2026-04-05T18:46:41","modified_gmt":"2026-04-05T16:46:41","slug":"om-oss","status":"publish","type":"page","link":"https:\/\/fie.no\/en\/om-oss\/","title":{"rendered":"Om oss"},"content":{"rendered":"\t\t<div data-elementor-type=\"wp-page\" data-elementor-id=\"7654\" class=\"elementor elementor-7654 elementor-5506\" data-elementor-post-type=\"page\">\n\t\t\t\t<div class=\"elementor-element elementor-element-7b73a91 white-bg--inner page-content e-flex e-con-boxed e-con e-parent\" data-id=\"7b73a91\" data-element_type=\"container\" data-e-type=\"container\" data-settings=\"{&quot;background_background&quot;:&quot;classic&quot;,&quot;jet_parallax_layout_list&quot;:[]}\">\n\t\t\t\t\t<div class=\"e-con-inner\">\n\t\t\t\t<div class=\"elementor-element elementor-element-997f7b3 elementor-widget elementor-widget-heading\" data-id=\"997f7b3\" data-element_type=\"widget\" data-e-type=\"widget\" data-widget_type=\"heading.default\">\n\t\t\t\t<div class=\"elementor-widget-container\">\n\t\t\t\t\t<h1 class=\"elementor-heading-title elementor-size-default\">Om oss<\/h1>\t\t\t\t<\/div>\n\t\t\t\t<\/div>\n\t\t\t\t<div class=\"elementor-element elementor-element-5c1eb86 elementor-widget-divider--view-line elementor-widget elementor-widget-divider\" data-id=\"5c1eb86\" data-element_type=\"widget\" data-e-type=\"widget\" data-widget_type=\"divider.default\">\n\t\t\t\t<div class=\"elementor-widget-container\">\n\t\t\t\t\t\t\t<div class=\"elementor-divider\">\n\t\t\t<span class=\"elementor-divider-separator\">\n\t\t\t\t\t\t<\/span>\n\t\t<\/div>\n\t\t\t\t\t\t<\/div>\n\t\t\t\t<\/div>\n\t\t<div class=\"elementor-element elementor-element-0c359c7 e-flex e-con-boxed e-con e-parent\" data-id=\"0c359c7\" data-element_type=\"container\" data-e-type=\"container\" data-settings=\"{&quot;jet_parallax_layout_list&quot;:[]}\">\n\t\t\t\t\t<div class=\"e-con-inner\">\n\t\t\t\t<div class=\"elementor-element elementor-element-8fb5f5e elementor-widget__width-auto elementor-widget elementor-widget-text-editor\" data-id=\"8fb5f5e\" data-element_type=\"widget\" data-e-type=\"widget\" data-widget_type=\"text-editor.default\">\n\t\t\t\t<div class=\"elementor-widget-container\">\n\t\t\t\t\t\t\t\t\t<p>Festspillene i Elverum er en klassisk musikkfestival i Elverum og omegn som\u00a0arrangeres i begynnelsen av august hvert \u00e5r.<\/p>\n<p>Festspillene \u00f8nsker \u00e5 skape \u00abopplevelser som begeistrer\u00bb, og har som m\u00e5l \u00e5 arrangere et festspill\u00a0med et h\u00f8yt kunstnerisk niv\u00e5 med fokus p\u00e5 \u00e5 presentere unge, talentfulle og lovende kunstnere.<\/p>\n<p>Hvert \u00e5r har festspillene tre \u00e5rlige orkesterproduksjoner i samarbeid med Norges nasjonale\u00a0ungdomsorkester, Ungdomssymfonikerne.<\/p>\n\t\t\t\t\t\t\t\t<\/div>\n\t\t\t\t<\/div>\n\t\t\t\t<div class=\"elementor-element elementor-element-a4558cf elementor-widget__width-auto elementor-widget elementor-widget-text-editor\" data-id=\"a4558cf\" data-element_type=\"widget\" data-e-type=\"widget\" data-widget_type=\"text-editor.default\">\n\t\t\t\t<div class=\"elementor-widget-container\">\n\t\t\t\t\t\t\t\t\t<p style=\"text-align: center;\"><strong>KONTAKT OSS<\/strong><\/p>\n<p style=\"text-align: center;\">For sp\u00f8rsm\u00e5l eller andre henvendelser, kontakt oss p\u00e5 post@fie.no eller 111 11 111.<\/p>\n<p style=\"text-align: center;\">Vi er tilgjenglige fra kl. 08-16 p\u00e5 hverdager.<\/p>\n<p style=\"text-align: center;\">F\u00f8ls oss gjerne p\u00e5 sosiale medier:<\/p>\n\t\t\t\t\t\t\t\t<\/div>\n\t\t\t\t<\/div>\n\t\t\t\t\t<\/div>\n\t\t\t\t<\/div>\n\t\t<div class=\"elementor-element elementor-element-6bad1f7 e-flex e-con-boxed e-con e-parent\" data-id=\"6bad1f7\" data-element_type=\"container\" data-e-type=\"container\" data-settings=\"{&quot;jet_parallax_layout_list&quot;:[]}\">\n\t\t\t\t\t<div class=\"e-con-inner\">\n\t\t\t\t<div class=\"elementor-element elementor-element-97d5ca2 elementor-widget-divider--view-line elementor-widget elementor-widget-divider\" data-id=\"97d5ca2\" data-element_type=\"widget\" data-e-type=\"widget\" data-widget_type=\"divider.default\">\n\t\t\t\t<div class=\"elementor-widget-container\">\n\t\t\t\t\t\t\t<div class=\"elementor-divider\">\n\t\t\t<span class=\"elementor-divider-separator\">\n\t\t\t\t\t\t<\/span>\n\t\t<\/div>\n\t\t\t\t\t\t<\/div>\n\t\t\t\t<\/div>\n\t\t\t\t<div class=\"elementor-element elementor-element-c9302a0 elementor-widget elementor-widget-heading\" data-id=\"c9302a0\" data-element_type=\"widget\" data-e-type=\"widget\" data-widget_type=\"heading.default\">\n\t\t\t\t<div class=\"elementor-widget-container\">\n\t\t\t\t\t<p class=\"elementor-heading-title elementor-size-default\">ADMINISTRASJON<\/p>\t\t\t\t<\/div>\n\t\t\t\t<\/div>\n\t\t<div class=\"elementor-element elementor-element-d1cde37 e-con-full e-flex e-con e-parent\" data-id=\"d1cde37\" data-element_type=\"container\" data-e-type=\"container\" data-settings=\"{&quot;jet_parallax_layout_list&quot;:[]}\">\n\t\t<div class=\"elementor-element elementor-element-3429d98 e-con-full e-flex e-con e-parent\" data-id=\"3429d98\" data-element_type=\"container\" data-e-type=\"container\" data-settings=\"{&quot;jet_parallax_layout_list&quot;:[]}\">\n\t\t\t\t<div class=\"elementor-element elementor-element-e30dd0f elementor-widget elementor-widget-image\" data-id=\"e30dd0f\" data-element_type=\"widget\" data-e-type=\"widget\" data-widget_type=\"image.default\">\n\t\t\t\t<div class=\"elementor-widget-container\">\n\t\t\t\t\t\t\t\t\t\t\t\t\t\t\t<img fetchpriority=\"high\" decoding=\"async\" width=\"800\" height=\"800\" src=\"https:\/\/fie.imgix.net\/wp-content\/uploads\/Ole-Edvard-Antonsen-foto-Kim-Rognmo-kvadratisk.jpg?auto=format%2Ccompress&amp;fit=crop&amp;ixlib=php-3.3.1&amp;max-h=800&amp;max-w=800&amp;s=96e4bd9e4fb62afe0a07989ab8f25490\" class=\"attachment-large size-large wp-image-7214\" alt=\"\" srcset=\"https:\/\/fie.imgix.net\/wp-content\/uploads\/Ole-Edvard-Antonsen-foto-Kim-Rognmo-kvadratisk.jpg?auto=format%2Ccompress&amp;ixlib=php-3.3.1&amp;w=2000&amp;s=ddbe52647eaa5ee0c9b51ccb3d85aab4 2000w, https:\/\/fie.imgix.net\/wp-content\/uploads\/Ole-Edvard-Antonsen-foto-Kim-Rognmo-kvadratisk.jpg?auto=format%2Ccompress&amp;fit=crop&amp;h=980&amp;ixlib=php-3.3.1&amp;w=980&amp;s=e06847d70c8c5898a5572da3eddee010 980w, https:\/\/fie.imgix.net\/wp-content\/uploads\/Ole-Edvard-Antonsen-foto-Kim-Rognmo-kvadratisk.jpg?auto=format%2Ccompress&amp;ixlib=php-3.3.1&amp;w=300&amp;s=1b20edfbc6210d8a433393964d17f234 300w, https:\/\/fie.imgix.net\/wp-content\/uploads\/Ole-Edvard-Antonsen-foto-Kim-Rognmo-kvadratisk.jpg?auto=format%2Ccompress&amp;fit=crop&amp;h=700&amp;ixlib=php-3.3.1&amp;w=700&amp;s=19ac5ff132a9481a056e837abf18026f 700w, https:\/\/fie.imgix.net\/wp-content\/uploads\/Ole-Edvard-Antonsen-foto-Kim-Rognmo-kvadratisk.jpg?auto=format%2Ccompress&amp;fit=crop&amp;h=768&amp;ixlib=php-3.3.1&amp;w=768&amp;s=69ae8ed9db0fe04137e9ab36bb250939 768w, https:\/\/fie.imgix.net\/wp-content\/uploads\/Ole-Edvard-Antonsen-foto-Kim-Rognmo-kvadratisk.jpg?auto=format%2Ccompress&amp;fit=crop&amp;h=1200&amp;ixlib=php-3.3.1&amp;w=1200&amp;s=52f63d220da5a454f4c9cb2e24944fe7 1200w, https:\/\/fie.imgix.net\/wp-content\/uploads\/Ole-Edvard-Antonsen-foto-Kim-Rognmo-kvadratisk.jpg?auto=format%2Ccompress&amp;fit=crop&amp;h=1536&amp;ixlib=php-3.3.1&amp;w=1536&amp;s=c2ad668a4c4784825279fe4158a91752 1536w, https:\/\/fie.imgix.net\/wp-content\/uploads\/Ole-Edvard-Antonsen-foto-Kim-Rognmo-kvadratisk.jpg?auto=format%2Ccompress&amp;ixlib=php-3.3.1&amp;w=270&amp;s=324a63c8058f4f72f0c652089e43d0d0 270w\" sizes=\"(max-width: 800px) 100vw, 800px\" \/>\t\t\t\t\t\t\t\t\t\t\t\t\t\t\t<\/div>\n\t\t\t\t<\/div>\n\t\t\t\t<div class=\"elementor-element elementor-element-66740f6 elementor-widget elementor-widget-heading\" data-id=\"66740f6\" data-element_type=\"widget\" data-e-type=\"widget\" data-widget_type=\"heading.default\">\n\t\t\t\t<div class=\"elementor-widget-container\">\n\t\t\t\t\t<p class=\"elementor-heading-title elementor-size-default\">OLE EDVARD ANTONSEN<\/p>\t\t\t\t<\/div>\n\t\t\t\t<\/div>\n\t\t\t\t<div class=\"elementor-element elementor-element-f4ae9ee elementor-widget elementor-widget-heading\" data-id=\"f4ae9ee\" data-element_type=\"widget\" data-e-type=\"widget\" data-widget_type=\"heading.default\">\n\t\t\t\t<div class=\"elementor-widget-container\">\n\t\t\t\t\t<p class=\"elementor-heading-title elementor-size-default\">KUNSTNERISK \nLEDER<\/p>\t\t\t\t<\/div>\n\t\t\t\t<\/div>\n\t\t\t\t<\/div>\n\t\t<div class=\"elementor-element elementor-element-89b9eb1 e-con-full e-flex e-con e-parent\" data-id=\"89b9eb1\" data-element_type=\"container\" data-e-type=\"container\" data-settings=\"{&quot;jet_parallax_layout_list&quot;:[]}\">\n\t\t\t\t<div class=\"elementor-element elementor-element-3e84399 elementor-widget elementor-widget-image\" data-id=\"3e84399\" data-element_type=\"widget\" data-e-type=\"widget\" data-widget_type=\"image.default\">\n\t\t\t\t<div class=\"elementor-widget-container\">\n\t\t\t\t\t\t\t\t\t\t\t\t\t\t\t<img decoding=\"async\" src=\"https:\/\/fie.imgix.net\/wp-content\/uploads\/Ornulf-Ring.jpeg?auto=format%2Ccompress&amp;fit=crop&amp;ixlib=php-3.3.1&amp;max-h=270&amp;max-w=270&amp;s=4ff001075d260f7c17beea98bb66cb91\" title=\"\u00d8rnulf Ring\" alt=\"\u00d8rnulf Ring\" loading=\"lazy\" \/>\t\t\t\t\t\t\t\t\t\t\t\t\t\t\t<\/div>\n\t\t\t\t<\/div>\n\t\t\t\t<div class=\"elementor-element elementor-element-11341b4 elementor-widget elementor-widget-heading\" data-id=\"11341b4\" data-element_type=\"widget\" data-e-type=\"widget\" data-widget_type=\"heading.default\">\n\t\t\t\t<div class=\"elementor-widget-container\">\n\t\t\t\t\t<p class=\"elementor-heading-title elementor-size-default\">\u00d8RNULF RING<\/p>\t\t\t\t<\/div>\n\t\t\t\t<\/div>\n\t\t\t\t<div class=\"elementor-element elementor-element-c5e55bd elementor-widget elementor-widget-heading\" data-id=\"c5e55bd\" data-element_type=\"widget\" data-e-type=\"widget\" data-widget_type=\"heading.default\">\n\t\t\t\t<div class=\"elementor-widget-container\">\n\t\t\t\t\t<p class=\"elementor-heading-title elementor-size-default\">DAGLIG LEDER<\/p>\t\t\t\t<\/div>\n\t\t\t\t<\/div>\n\t\t\t\t<\/div>\n\t\t<div class=\"elementor-element elementor-element-d93c04f e-con-full e-flex e-con e-parent\" data-id=\"d93c04f\" data-element_type=\"container\" data-e-type=\"container\" data-settings=\"{&quot;jet_parallax_layout_list&quot;:[]}\">\n\t\t\t\t<div class=\"elementor-element elementor-element-137dc95 elementor-widget elementor-widget-image\" data-id=\"137dc95\" data-element_type=\"widget\" data-e-type=\"widget\" data-widget_type=\"image.default\">\n\t\t\t\t<div class=\"elementor-widget-container\">\n\t\t\t\t\t\t\t\t\t\t\t\t\t\t\t<img decoding=\"async\" src=\"https:\/\/fie.imgix.net\/wp-content\/uploads\/IMG-1901.jpeg?auto=format%2Ccompress&amp;fit=crop&amp;ixlib=php-3.3.1&amp;max-h=270&amp;max-w=270&amp;s=50f96fedb1f11722643fecae45fb9137\" title=\"IMG-1901\" alt=\"IMG-1901\" loading=\"lazy\" \/>\t\t\t\t\t\t\t\t\t\t\t\t\t\t\t<\/div>\n\t\t\t\t<\/div>\n\t\t\t\t<div class=\"elementor-element elementor-element-5a1d2f2 elementor-widget elementor-widget-heading\" data-id=\"5a1d2f2\" data-element_type=\"widget\" data-e-type=\"widget\" data-widget_type=\"heading.default\">\n\t\t\t\t<div class=\"elementor-widget-container\">\n\t\t\t\t\t<p class=\"elementor-heading-title elementor-size-default\">HANNA M. HVALBYE<\/p>\t\t\t\t<\/div>\n\t\t\t\t<\/div>\n\t\t\t\t<div class=\"elementor-element elementor-element-6b3dc84 elementor-widget elementor-widget-heading\" data-id=\"6b3dc84\" data-element_type=\"widget\" data-e-type=\"widget\" data-widget_type=\"heading.default\">\n\t\t\t\t<div class=\"elementor-widget-container\">\n\t\t\t\t\t<p class=\"elementor-heading-title elementor-size-default\">KOMMUNIKASJONS-\nANSVARLIG<\/p>\t\t\t\t<\/div>\n\t\t\t\t<\/div>\n\t\t\t\t<\/div>\n\t\t\t\t<\/div>\n\t\t\t\t<div class=\"elementor-element elementor-element-73c46cd elementor-widget-divider--view-line elementor-widget elementor-widget-divider\" data-id=\"73c46cd\" data-element_type=\"widget\" data-e-type=\"widget\" data-widget_type=\"divider.default\">\n\t\t\t\t<div class=\"elementor-widget-container\">\n\t\t\t\t\t\t\t<div class=\"elementor-divider\">\n\t\t\t<span class=\"elementor-divider-separator\">\n\t\t\t\t\t\t<\/span>\n\t\t<\/div>\n\t\t\t\t\t\t<\/div>\n\t\t\t\t<\/div>\n\t\t\t\t<div class=\"elementor-element elementor-element-1dd5620 elementor-widget elementor-widget-heading\" data-id=\"1dd5620\" data-element_type=\"widget\" data-e-type=\"widget\" data-widget_type=\"heading.default\">\n\t\t\t\t<div class=\"elementor-widget-container\">\n\t\t\t\t\t<p class=\"elementor-heading-title elementor-size-default\">styre<\/p>\t\t\t\t<\/div>\n\t\t\t\t<\/div>\n\t\t<div class=\"elementor-element elementor-element-d3e2bcb e-con-full e-flex e-con e-parent\" data-id=\"d3e2bcb\" data-element_type=\"container\" data-e-type=\"container\" data-settings=\"{&quot;jet_parallax_layout_list&quot;:[]}\">\n\t\t<div class=\"elementor-element elementor-element-cda5a20 e-con-full e-flex e-con e-parent\" data-id=\"cda5a20\" data-element_type=\"container\" data-e-type=\"container\" data-settings=\"{&quot;jet_parallax_layout_list&quot;:[]}\">\n\t\t\t\t<div class=\"elementor-element elementor-element-68fd06e elementor-widget elementor-widget-image\" data-id=\"68fd06e\" data-element_type=\"widget\" data-e-type=\"widget\" data-widget_type=\"image.default\">\n\t\t\t\t<div class=\"elementor-widget-container\">\n\t\t\t\t\t\t\t\t\t\t\t\t\t\t\t<img decoding=\"async\" src=\"https:\/\/fie.imgix.net\/wp-content\/uploads\/IMG_8515-2-1-scaled-e1642612328702.jpeg?auto=format%2Ccompress&amp;fit=crop&amp;ixlib=php-3.3.1&amp;max-h=270&amp;max-w=270&amp;s=c24076fd9169b8a557444013ff68230b\" title=\"Janne Langaas\" alt=\"Janne Langaas\" loading=\"lazy\" \/>\t\t\t\t\t\t\t\t\t\t\t\t\t\t\t<\/div>\n\t\t\t\t<\/div>\n\t\t\t\t<div class=\"elementor-element elementor-element-09a14d5 elementor-widget elementor-widget-heading\" data-id=\"09a14d5\" data-element_type=\"widget\" data-e-type=\"widget\" data-widget_type=\"heading.default\">\n\t\t\t\t<div class=\"elementor-widget-container\">\n\t\t\t\t\t<p class=\"elementor-heading-title elementor-size-default\">JANNE LAANGAS<\/p>\t\t\t\t<\/div>\n\t\t\t\t<\/div>\n\t\t\t\t<div class=\"elementor-element elementor-element-04b3f8c elementor-widget elementor-widget-heading\" data-id=\"04b3f8c\" data-element_type=\"widget\" data-e-type=\"widget\" data-widget_type=\"heading.default\">\n\t\t\t\t<div class=\"elementor-widget-container\">\n\t\t\t\t\t<p class=\"elementor-heading-title elementor-size-default\">STYRELEDER<\/p>\t\t\t\t<\/div>\n\t\t\t\t<\/div>\n\t\t\t\t<\/div>\n\t\t<div class=\"elementor-element elementor-element-95d5d79 e-con-full e-flex e-con e-parent\" data-id=\"95d5d79\" data-element_type=\"container\" data-e-type=\"container\" data-settings=\"{&quot;jet_parallax_layout_list&quot;:[]}\">\n\t\t\t\t<div class=\"elementor-element elementor-element-b7f5400 elementor-widget elementor-widget-image\" data-id=\"b7f5400\" data-element_type=\"widget\" data-e-type=\"widget\" data-widget_type=\"image.default\">\n\t\t\t\t<div class=\"elementor-widget-container\">\n\t\t\t\t\t\t\t\t\t\t\t\t\t\t\t<img decoding=\"async\" src=\"https:\/\/fie.imgix.net\/wp-content\/uploads\/386.jpeg?auto=format%2Ccompress&amp;fit=crop&amp;ixlib=php-3.3.1&amp;max-h=280&amp;max-w=280&amp;s=509eb093516d7bb1fedc22f020daac9b\" title=\"_386\" alt=\"_386\" loading=\"lazy\" \/>\t\t\t\t\t\t\t\t\t\t\t\t\t\t\t<\/div>\n\t\t\t\t<\/div>\n\t\t\t\t<div class=\"elementor-element elementor-element-0ab6ba5 elementor-widget elementor-widget-heading\" data-id=\"0ab6ba5\" data-element_type=\"widget\" data-e-type=\"widget\" data-widget_type=\"heading.default\">\n\t\t\t\t<div class=\"elementor-widget-container\">\n\t\t\t\t\t<p class=\"elementor-heading-title elementor-size-default\">TOR RULLESTAD<\/p>\t\t\t\t<\/div>\n\t\t\t\t<\/div>\n\t\t\t\t<div class=\"elementor-element elementor-element-fb490c8 elementor-widget elementor-widget-heading\" data-id=\"fb490c8\" data-element_type=\"widget\" data-e-type=\"widget\" data-widget_type=\"heading.default\">\n\t\t\t\t<div class=\"elementor-widget-container\">\n\t\t\t\t\t<p class=\"elementor-heading-title elementor-size-default\">STYREMEDLEM<\/p>\t\t\t\t<\/div>\n\t\t\t\t<\/div>\n\t\t\t\t<\/div>\n\t\t<div class=\"elementor-element elementor-element-f0bbfc0 e-con-full e-flex e-con e-parent\" data-id=\"f0bbfc0\" data-element_type=\"container\" data-e-type=\"container\" data-settings=\"{&quot;jet_parallax_layout_list&quot;:[]}\">\n\t\t\t\t<div class=\"elementor-element elementor-element-22b2c25 elementor-widget elementor-widget-image\" data-id=\"22b2c25\" data-element_type=\"widget\" data-e-type=\"widget\" data-widget_type=\"image.default\">\n\t\t\t\t<div class=\"elementor-widget-container\">\n\t\t\t\t\t\t\t\t\t\t\t\t\t\t\t<img decoding=\"async\" src=\"https:\/\/fie.imgix.net\/wp-content\/uploads\/Line_Rustad.jpeg?auto=format%2Ccompress&amp;fit=crop&amp;ixlib=php-3.3.1&amp;max-h=270&amp;max-w=270&amp;s=e200f8d171d0692adf5d202b00dfc775\" title=\"Line_Rustad\" alt=\"Line_Rustad\" loading=\"lazy\" \/>\t\t\t\t\t\t\t\t\t\t\t\t\t\t\t<\/div>\n\t\t\t\t<\/div>\n\t\t\t\t<div class=\"elementor-element elementor-element-5b22dd1 elementor-widget elementor-widget-heading\" data-id=\"5b22dd1\" data-element_type=\"widget\" data-e-type=\"widget\" data-widget_type=\"heading.default\">\n\t\t\t\t<div class=\"elementor-widget-container\">\n\t\t\t\t\t<p class=\"elementor-heading-title elementor-size-default\">LINE M. RUSTAD<\/p>\t\t\t\t<\/div>\n\t\t\t\t<\/div>\n\t\t\t\t<div class=\"elementor-element elementor-element-0dfaa2e elementor-widget elementor-widget-heading\" data-id=\"0dfaa2e\" data-element_type=\"widget\" data-e-type=\"widget\" data-widget_type=\"heading.default\">\n\t\t\t\t<div class=\"elementor-widget-container\">\n\t\t\t\t\t<p class=\"elementor-heading-title elementor-size-default\">STYREMEDLEM<\/p>\t\t\t\t<\/div>\n\t\t\t\t<\/div>\n\t\t\t\t<\/div>\n\t\t<div class=\"elementor-element elementor-element-14216e8 e-con-full e-flex e-con e-parent\" data-id=\"14216e8\" data-element_type=\"container\" data-e-type=\"container\" data-settings=\"{&quot;jet_parallax_layout_list&quot;:[]}\">\n\t\t\t\t<div class=\"elementor-element elementor-element-b9f1774 elementor-widget elementor-widget-image\" data-id=\"b9f1774\" data-element_type=\"widget\" data-e-type=\"widget\" data-widget_type=\"image.default\">\n\t\t\t\t<div class=\"elementor-widget-container\">\n\t\t\t\t\t\t\t\t\t\t\t\t\t\t\t<img decoding=\"async\" src=\"https:\/\/fie.imgix.net\/wp-content\/uploads\/f8e9af5a-b383-463e-96f5-7c0289b98265-scaled.jpeg?auto=format%2Ccompress&amp;fit=crop&amp;ixlib=php-3.3.1&amp;max-h=270&amp;max-w=270&amp;s=e2e34b6c73c0d930fb55ccec176b7d2c\" title=\"f8e9af5a-b383-463e-96f5-7c0289b98265\" alt=\"f8e9af5a-b383-463e-96f5-7c0289b98265\" loading=\"lazy\" \/>\t\t\t\t\t\t\t\t\t\t\t\t\t\t\t<\/div>\n\t\t\t\t<\/div>\n\t\t\t\t<div class=\"elementor-element elementor-element-cd6cecc elementor-widget elementor-widget-heading\" data-id=\"cd6cecc\" data-element_type=\"widget\" data-e-type=\"widget\" data-widget_type=\"heading.default\">\n\t\t\t\t<div class=\"elementor-widget-container\">\n\t\t\t\t\t<p class=\"elementor-heading-title elementor-size-default\">PEER JACOB SVENKERUD<\/p>\t\t\t\t<\/div>\n\t\t\t\t<\/div>\n\t\t\t\t<div class=\"elementor-element elementor-element-d1ab974 elementor-widget elementor-widget-heading\" data-id=\"d1ab974\" data-element_type=\"widget\" data-e-type=\"widget\" data-widget_type=\"heading.default\">\n\t\t\t\t<div class=\"elementor-widget-container\">\n\t\t\t\t\t<p class=\"elementor-heading-title elementor-size-default\">STYREMEDLEM<\/p>\t\t\t\t<\/div>\n\t\t\t\t<\/div>\n\t\t\t\t<\/div>\n\t\t<div class=\"elementor-element elementor-element-a480257 e-con-full e-flex e-con e-parent\" data-id=\"a480257\" data-element_type=\"container\" data-e-type=\"container\" data-settings=\"{&quot;jet_parallax_layout_list&quot;:[]}\">\n\t\t\t\t<div class=\"elementor-element elementor-element-acb0cbb elementor-widget elementor-widget-image\" data-id=\"acb0cbb\" data-element_type=\"widget\" data-e-type=\"widget\" data-widget_type=\"image.default\">\n\t\t\t\t<div class=\"elementor-widget-container\">\n\t\t\t\t\t\t\t\t\t\t\t\t\t\t\t<img decoding=\"async\" width=\"500\" height=\"500\" src=\"https:\/\/fie.imgix.net\/wp-content\/uploads\/1521104545042.jpeg?auto=format%2Ccompress&amp;ixlib=php-3.3.1&amp;s=325f4a8aec31a3193d2dd92ad2b9397f\" class=\"attachment-large size-large wp-image-7208\" alt=\"\" srcset=\"https:\/\/fie.imgix.net\/wp-content\/uploads\/1521104545042.jpeg?auto=format%2Ccompress&amp;ixlib=php-3.3.1&amp;w=500&amp;s=ae370f6ad3f4181abd84dd8de856ed87 500w, https:\/\/fie.imgix.net\/wp-content\/uploads\/1521104545042.jpeg?auto=format%2Ccompress&amp;ixlib=php-3.3.1&amp;w=300&amp;s=cd881d6ce2dd92d67026fb425e075881 300w\" sizes=\"(max-width: 500px) 100vw, 500px\" \/>\t\t\t\t\t\t\t\t\t\t\t\t\t\t\t<\/div>\n\t\t\t\t<\/div>\n\t\t\t\t<div class=\"elementor-element elementor-element-1be35c2 elementor-widget elementor-widget-heading\" data-id=\"1be35c2\" data-element_type=\"widget\" data-e-type=\"widget\" data-widget_type=\"heading.default\">\n\t\t\t\t<div class=\"elementor-widget-container\">\n\t\t\t\t\t<p class=\"elementor-heading-title elementor-size-default\">TURID BACKE-VIKEN<\/p>\t\t\t\t<\/div>\n\t\t\t\t<\/div>\n\t\t\t\t<div class=\"elementor-element elementor-element-e8311cb elementor-widget elementor-widget-heading\" data-id=\"e8311cb\" data-element_type=\"widget\" data-e-type=\"widget\" data-widget_type=\"heading.default\">\n\t\t\t\t<div class=\"elementor-widget-container\">\n\t\t\t\t\t<p class=\"elementor-heading-title elementor-size-default\">STYREMEDLEM<\/p>\t\t\t\t<\/div>\n\t\t\t\t<\/div>\n\t\t\t\t<\/div>\n\t\t\t\t<\/div>\n\t\t\t\t\t<\/div>\n\t\t\t\t<\/div>\n\t\t\t\t\t<\/div>\n\t\t\t\t<\/div>\n\t\t<div class=\"elementor-element elementor-element-8df25c4 e-flex e-con-boxed e-con e-parent\" data-id=\"8df25c4\" data-element_type=\"container\" data-e-type=\"container\" data-settings=\"{&quot;jet_parallax_layout_list&quot;:[]}\">\n\t\t\t\t\t<div class=\"e-con-inner\">\n\t\t\t\t\t<\/div>\n\t\t\t\t<\/div>\n\t\t\t\t<\/div>\n\t\t","protected":false},"excerpt":{"rendered":"<p>Om oss Festspillene i Elverum er en klassisk musikkfestival i Elverum og omegn som\u00a0arrangeres i begynnelsen av august hvert \u00e5r. Festspillene \u00f8nsker \u00e5 skape \u00abopplevelser som begeistrer\u00bb, og har som m\u00e5l \u00e5 arrangere et festspill\u00a0med et h\u00f8yt kunstnerisk niv\u00e5 med fokus p\u00e5 \u00e5 presentere unge, talentfulle og lovende kunstnere. Hvert \u00e5r har festspillene tre \u00e5rlige [&hellip;]<\/p>\n","protected":false},"author":1,"featured_media":0,"parent":0,"menu_order":0,"comment_status":"closed","ping_status":"closed","template":"","meta":{"inline_featured_image":false,"_jet_sm_ready_style":"","_jet_sm_style":"","_jet_sm_controls_values":"","_jet_sm_fonts_collection":"","_jet_sm_fonts_links":"","footnotes":""},"class_list":["post-7654","page","type-page","status-publish","hentry"],"_links":{"self":[{"href":"https:\/\/fie.no\/en\/wp-json\/wp\/v2\/pages\/7654","targetHints":{"allow":["GET"]}}],"collection":[{"href":"https:\/\/fie.no\/en\/wp-json\/wp\/v2\/pages"}],"about":[{"href":"https:\/\/fie.no\/en\/wp-json\/wp\/v2\/types\/page"}],"author":[{"embeddable":true,"href":"https:\/\/fie.no\/en\/wp-json\/wp\/v2\/users\/1"}],"replies":[{"embeddable":true,"href":"https:\/\/fie.no\/en\/wp-json\/wp\/v2\/comments?post=7654"}],"version-history":[{"count":0,"href":"https:\/\/fie.no\/en\/wp-json\/wp\/v2\/pages\/7654\/revisions"}],"wp:attachment":[{"href":"https:\/\/fie.no\/en\/wp-json\/wp\/v2\/media?parent=7654"}],"curies":[{"name":"wp","href":"https:\/\/api.w.org\/{rel}","templated":true}]}}