{"id":7687,"date":"2023-02-14T13:58:47","date_gmt":"2023-02-14T12:58:47","guid":{"rendered":"https:\/\/fie.no\/historie\/"},"modified":"2025-04-24T15:30:26","modified_gmt":"2025-04-24T13:30:26","slug":"historie","status":"publish","type":"page","link":"https:\/\/fie.no\/en\/historie\/","title":{"rendered":"Historie"},"content":{"rendered":"\t\t<div data-elementor-type=\"wp-page\" data-elementor-id=\"7687\" class=\"elementor elementor-7687 elementor-5334\" data-elementor-post-type=\"page\">\n\t\t\t\t<div class=\"elementor-element elementor-element-6746bf5 white-bg--inner page-content e-flex e-con-boxed e-con e-parent\" data-id=\"6746bf5\" data-element_type=\"container\" data-e-type=\"container\" data-settings=\"{&quot;background_background&quot;:&quot;classic&quot;,&quot;jet_parallax_layout_list&quot;:[]}\">\n\t\t\t\t\t<div class=\"e-con-inner\">\n\t\t\t\t<div class=\"elementor-element elementor-element-846d691 title-sans elementor-widget elementor-widget-heading\" data-id=\"846d691\" data-element_type=\"widget\" data-e-type=\"widget\" data-widget_type=\"heading.default\">\n\t\t\t\t<div class=\"elementor-widget-container\">\n\t\t\t\t\t<h1 class=\"elementor-heading-title elementor-size-default\">Om FiE<\/h1>\t\t\t\t<\/div>\n\t\t\t\t<\/div>\n\t\t\t\t<div class=\"elementor-element elementor-element-31d3cfa elementor-widget-divider--view-line elementor-widget elementor-widget-divider\" data-id=\"31d3cfa\" data-element_type=\"widget\" data-e-type=\"widget\" data-widget_type=\"divider.default\">\n\t\t\t\t<div class=\"elementor-widget-container\">\n\t\t\t\t\t\t\t<div class=\"elementor-divider\">\n\t\t\t<span class=\"elementor-divider-separator\">\n\t\t\t\t\t\t<\/span>\n\t\t<\/div>\n\t\t\t\t\t\t<\/div>\n\t\t\t\t<\/div>\n\t\t<div class=\"elementor-element elementor-element-f40acc8 e-flex e-con-boxed e-con e-parent\" data-id=\"f40acc8\" data-element_type=\"container\" data-e-type=\"container\" data-settings=\"{&quot;jet_parallax_layout_list&quot;:[]}\">\n\t\t\t\t\t<div class=\"e-con-inner\">\n\t\t\t\t<div class=\"elementor-element elementor-element-4ad81d1 elementor-widget elementor-widget-heading\" data-id=\"4ad81d1\" data-element_type=\"widget\" data-e-type=\"widget\" data-widget_type=\"heading.default\">\n\t\t\t\t<div class=\"elementor-widget-container\">\n\t\t\t\t\t<p class=\"elementor-heading-title elementor-size-default\">Opplevelser som begeistrer!\n\n<\/p>\t\t\t\t<\/div>\n\t\t\t\t<\/div>\n\t\t\t\t<div class=\"elementor-element elementor-element-cc2378e elementor-widget__width-auto elementor-widget elementor-widget-text-editor\" data-id=\"cc2378e\" data-element_type=\"widget\" data-e-type=\"widget\" data-widget_type=\"text-editor.default\">\n\t\t\t\t<div class=\"elementor-widget-container\">\n\t\t\t\t\t\t\t\t\t<p><strong>Festspillene i Elverum<\/strong> er en klassisk musikkfestival som arrangeres \u00e5rlig i begynnelsen av august. Festivalen opps\u00f8ker flotte konsertlokaler rundt omkring i Elverumregionen der vi skaper opplevelser som begeistrer.<\/p>\n<p>Hvert \u00e5r presenteres tre store orkester\u00adproduksjoner i samarbeid med Norges nasjonale ungdomsorkester, <a href=\"https:\/\/www.ungsymf.no\/\">Ungdomssymfonikerne<\/a>.<\/p>\n<p><strong>Ole Edvard Antonsen<\/strong> er festivalens kunstneriske leder, og legger blant annet til rette for at det kan gjennomf\u00f8res en kammermusikk-serie med internasjonalt anerkjente ut\u00f8vere p\u00e5 regionens storg\u00e5rder. I tillegg arrangeres det kirkekonserter, festspillutflukter, festspillkroer, utend\u00f8rskonserter og kunstutstillinger.<\/p>\n\t\t\t\t\t\t\t\t<\/div>\n\t\t\t\t<\/div>\n\t\t\t\t<div class=\"elementor-element elementor-element-88626e1 elementor-widget__width-auto elementor-widget elementor-widget-text-editor\" data-id=\"88626e1\" data-element_type=\"widget\" data-e-type=\"widget\" data-widget_type=\"text-editor.default\">\n\t\t\t\t<div class=\"elementor-widget-container\">\n\t\t\t\t\t\t\t\t\t<p><strong>Festspillenes historie<\/strong><\/p>\n<p>Festspillene i Elverum er en stiftelse opprettet av Elverum kommune og tidligere Hedmark fylkeskommune. Form\u00e5let i henhold til stiftelsens vedtekter er:<\/p>\n\t\t\t\t\t\t\t\t<\/div>\n\t\t\t\t<\/div>\n\t\t\t\t<div class=\"elementor-element elementor-element-c750b90 elementor-blockquote--align-left elementor-blockquote--skin-border elementor-widget elementor-widget-blockquote\" data-id=\"c750b90\" data-element_type=\"widget\" data-e-type=\"widget\" data-widget_type=\"blockquote.default\">\n\t\t\t\t<div class=\"elementor-widget-container\">\n\t\t\t\t\t\t\t<blockquote class=\"elementor-blockquote\">\n\t\t\t<p class=\"elementor-blockquote__content\">\n\t\t\t\t\u00c5 arrangere festspill ved \u00e5 gi et kvalitetstilbud innen musikk og andre kunstarter p\u00e5 et h\u00f8yt kunstnerisk niv\u00e5. Det legges s\u00e6rlig vekt p\u00e5 presentasjon av unge, talentfulle og lovende kunstnere.\t\t\t<\/p>\n\t\t\t\t\t<\/blockquote>\n\t\t\t\t\t\t<\/div>\n\t\t\t\t<\/div>\n\t\t\t\t<div class=\"elementor-element elementor-element-5b2dce2 elementor-widget__width-auto elementor-widget elementor-widget-text-editor\" data-id=\"5b2dce2\" data-element_type=\"widget\" data-e-type=\"widget\" data-widget_type=\"text-editor.default\">\n\t\t\t\t<div class=\"elementor-widget-container\">\n\t\t\t\t\t\t\t\t\t<p><strong>Ungdomssymfonikerne<\/strong> ble grunnlagt av de engasjerte musikerne Leif J\u00f8rgensen (tidligere konsertmester i Oslo-Filharmonien), Harry Kveb\u00e6k (tidligere solotrompetist i Oslo-Filharmonien), og Karsten Andersen (tidligere sjefsdirigent i Bergen Filharmoniske orkester). Orkesterets m\u00e5l har fra starten av v\u00e6rt \u00e5 gi unge musikere p\u00e5 vei mot en profesjonell karriere, erfaring i \u00e5 spille i et fullt utbygget symfoniorkester og \u00e5 framf\u00f8re sentralt orkesterrepertoar. Flere hundre musikere har spilt i orkesteret. Mange av dem er siden ansatt i profesjonelle orkestre i Norge og i utlandet. Festspillene i Elverum har siden 1974 v\u00e6rt et \u00e5rlig utstillingsvindu for Ungdomssymfonikerne. De tre \u00e5rlige samarbeidsprosjektene festivalen har med orkesteret er de viktigste prosjektene for festivalen. Orkesteret samarbeider med anerkjente dirigenter og solister.<\/p>\n<p>Siden starten i 1974 er det (per juni 2021) gjennomf\u00f8rt 47 festspill. Om lag 400.000 personer har v\u00e6rt til stede ved ca. 1.100 arrangementer i form av konserter, utstillinger og andre festspillopplevelser. Festspillenes f\u00f8rste budsjett var p\u00e5 85.000 kroner, i 2004 var det oppe i 3,8 millioner og i 2016 var tallet 7,5 millioner.<\/p>\n<p>Fra starten i 1974 ble festivalen ledet av et kunstnerisk r\u00e5d. P\u00e5 nittitallet ble Ari Rasilainen engasjert som kunstnerisk r\u00e5dgiver. H\u00e5vard Gimse og Geir Inge Lotsberg var kunstneriske ledere fra 1998 til og med 2000. I perioden 2001 til og med 2015 overtok Vertavo Strykekvartett oppdraget. Ole Edvard Antonsen ble engasjert som kunstnerisk leder fra og med 2016 for en tre\u00e5rsperiode.<\/p>\n\t\t\t\t\t\t\t\t<\/div>\n\t\t\t\t<\/div>\n\t\t\t\t\t<\/div>\n\t\t\t\t<\/div>\n\t\t<div class=\"elementor-element elementor-element-f9b306b e-flex e-con-boxed e-con e-parent\" data-id=\"f9b306b\" data-element_type=\"container\" data-e-type=\"container\" data-settings=\"{&quot;jet_parallax_layout_list&quot;:[]}\">\n\t\t\t\t\t<div class=\"e-con-inner\">\n\t\t\t\t<div class=\"elementor-element elementor-element-1109342 elementor-widget-divider--view-line elementor-widget elementor-widget-divider\" data-id=\"1109342\" data-element_type=\"widget\" data-e-type=\"widget\" data-widget_type=\"divider.default\">\n\t\t\t\t<div class=\"elementor-widget-container\">\n\t\t\t\t\t\t\t<div class=\"elementor-divider\">\n\t\t\t<span class=\"elementor-divider-separator\">\n\t\t\t\t\t\t<\/span>\n\t\t<\/div>\n\t\t\t\t\t\t<\/div>\n\t\t\t\t<\/div>\n\t\t\t\t<div class=\"elementor-element elementor-element-febf7a8 elementor-widget elementor-widget-heading\" data-id=\"febf7a8\" data-element_type=\"widget\" data-e-type=\"widget\" data-widget_type=\"heading.default\">\n\t\t\t\t<div class=\"elementor-widget-container\">\n\t\t\t\t\t<p class=\"elementor-heading-title elementor-size-default\">Styremedlemmer<\/p>\t\t\t\t<\/div>\n\t\t\t\t<\/div>\n\t\t<div class=\"elementor-element elementor-element-96dd70f e-con-full e-flex e-con e-parent\" data-id=\"96dd70f\" data-element_type=\"container\" data-e-type=\"container\" data-settings=\"{&quot;jet_parallax_layout_list&quot;:[]}\">\n\t\t<div class=\"elementor-element elementor-element-38b0ef7 e-con-full e-flex e-con e-parent\" data-id=\"38b0ef7\" data-element_type=\"container\" data-e-type=\"container\" data-settings=\"{&quot;jet_parallax_layout_list&quot;:[]}\">\n\t\t\t\t<div class=\"elementor-element elementor-element-6ee1d98 elementor-widget elementor-widget-image\" data-id=\"6ee1d98\" data-element_type=\"widget\" data-e-type=\"widget\" data-widget_type=\"image.default\">\n\t\t\t\t<div class=\"elementor-widget-container\">\n\t\t\t\t\t\t\t\t\t\t\t\t\t\t\t<img decoding=\"async\" src=\"https:\/\/fie.imgix.net\/wp-content\/uploads\/IMG_8515-2-1-scaled-e1642612328702.jpeg?auto=format%2Ccompress&amp;fit=crop&amp;ixlib=php-3.3.1&amp;max-h=270&amp;max-w=270&amp;s=c24076fd9169b8a557444013ff68230b\" title=\"Janne Langaas\" alt=\"Janne Langaas\" loading=\"lazy\" \/>\t\t\t\t\t\t\t\t\t\t\t\t\t\t\t<\/div>\n\t\t\t\t<\/div>\n\t\t\t\t<div class=\"elementor-element elementor-element-19e86c9 elementor-widget elementor-widget-heading\" data-id=\"19e86c9\" data-element_type=\"widget\" data-e-type=\"widget\" data-widget_type=\"heading.default\">\n\t\t\t\t<div class=\"elementor-widget-container\">\n\t\t\t\t\t<p class=\"elementor-heading-title elementor-size-default\">JANNE LAANGAS<\/p>\t\t\t\t<\/div>\n\t\t\t\t<\/div>\n\t\t\t\t<div class=\"elementor-element elementor-element-594a845 elementor-widget elementor-widget-heading\" data-id=\"594a845\" data-element_type=\"widget\" data-e-type=\"widget\" data-widget_type=\"heading.default\">\n\t\t\t\t<div class=\"elementor-widget-container\">\n\t\t\t\t\t<p class=\"elementor-heading-title elementor-size-default\">STYRELEDER<\/p>\t\t\t\t<\/div>\n\t\t\t\t<\/div>\n\t\t\t\t<\/div>\n\t\t<div class=\"elementor-element elementor-element-16ab02a e-con-full e-flex e-con e-parent\" data-id=\"16ab02a\" data-element_type=\"container\" data-e-type=\"container\" data-settings=\"{&quot;jet_parallax_layout_list&quot;:[]}\">\n\t\t\t\t<div class=\"elementor-element elementor-element-2e6f00c elementor-widget elementor-widget-image\" data-id=\"2e6f00c\" data-element_type=\"widget\" data-e-type=\"widget\" data-widget_type=\"image.default\">\n\t\t\t\t<div class=\"elementor-widget-container\">\n\t\t\t\t\t\t\t\t\t\t\t\t\t\t\t<img decoding=\"async\" src=\"https:\/\/fie.imgix.net\/wp-content\/uploads\/386.jpeg?auto=format%2Ccompress&amp;fit=crop&amp;ixlib=php-3.3.1&amp;max-h=280&amp;max-w=280&amp;s=509eb093516d7bb1fedc22f020daac9b\" title=\"_386\" alt=\"_386\" loading=\"lazy\" \/>\t\t\t\t\t\t\t\t\t\t\t\t\t\t\t<\/div>\n\t\t\t\t<\/div>\n\t\t\t\t<div class=\"elementor-element elementor-element-13ebd45 elementor-widget elementor-widget-heading\" data-id=\"13ebd45\" data-element_type=\"widget\" data-e-type=\"widget\" data-widget_type=\"heading.default\">\n\t\t\t\t<div class=\"elementor-widget-container\">\n\t\t\t\t\t<p class=\"elementor-heading-title elementor-size-default\">TOR RULLESTAD<\/p>\t\t\t\t<\/div>\n\t\t\t\t<\/div>\n\t\t\t\t<div class=\"elementor-element elementor-element-e1b54fb elementor-widget elementor-widget-heading\" data-id=\"e1b54fb\" data-element_type=\"widget\" data-e-type=\"widget\" data-widget_type=\"heading.default\">\n\t\t\t\t<div class=\"elementor-widget-container\">\n\t\t\t\t\t<p class=\"elementor-heading-title elementor-size-default\">STYREMEDLEM<\/p>\t\t\t\t<\/div>\n\t\t\t\t<\/div>\n\t\t\t\t<\/div>\n\t\t<div class=\"elementor-element elementor-element-8ce37af e-con-full e-flex e-con e-parent\" data-id=\"8ce37af\" data-element_type=\"container\" data-e-type=\"container\" data-settings=\"{&quot;jet_parallax_layout_list&quot;:[]}\">\n\t\t\t\t<div class=\"elementor-element elementor-element-77c3823 elementor-widget elementor-widget-image\" data-id=\"77c3823\" data-element_type=\"widget\" data-e-type=\"widget\" data-widget_type=\"image.default\">\n\t\t\t\t<div class=\"elementor-widget-container\">\n\t\t\t\t\t\t\t\t\t\t\t\t\t\t\t<img decoding=\"async\" src=\"https:\/\/fie.imgix.net\/wp-content\/uploads\/Line_Rustad.jpeg?auto=format%2Ccompress&amp;fit=crop&amp;ixlib=php-3.3.1&amp;max-h=270&amp;max-w=270&amp;s=e200f8d171d0692adf5d202b00dfc775\" title=\"Line_Rustad\" alt=\"Line_Rustad\" loading=\"lazy\" \/>\t\t\t\t\t\t\t\t\t\t\t\t\t\t\t<\/div>\n\t\t\t\t<\/div>\n\t\t\t\t<div class=\"elementor-element elementor-element-38e5fd8 elementor-widget elementor-widget-heading\" data-id=\"38e5fd8\" data-element_type=\"widget\" data-e-type=\"widget\" data-widget_type=\"heading.default\">\n\t\t\t\t<div class=\"elementor-widget-container\">\n\t\t\t\t\t<p class=\"elementor-heading-title elementor-size-default\">LINE M. RUSTAD<\/p>\t\t\t\t<\/div>\n\t\t\t\t<\/div>\n\t\t\t\t<div class=\"elementor-element elementor-element-eb26954 elementor-widget elementor-widget-heading\" data-id=\"eb26954\" data-element_type=\"widget\" data-e-type=\"widget\" data-widget_type=\"heading.default\">\n\t\t\t\t<div class=\"elementor-widget-container\">\n\t\t\t\t\t<p class=\"elementor-heading-title elementor-size-default\">STYREMEDLEM<\/p>\t\t\t\t<\/div>\n\t\t\t\t<\/div>\n\t\t\t\t<\/div>\n\t\t<div class=\"elementor-element elementor-element-4784632 e-con-full e-flex e-con e-parent\" data-id=\"4784632\" data-element_type=\"container\" data-e-type=\"container\" data-settings=\"{&quot;jet_parallax_layout_list&quot;:[]}\">\n\t\t\t\t<div class=\"elementor-element elementor-element-24034b1 elementor-widget elementor-widget-image\" data-id=\"24034b1\" data-element_type=\"widget\" data-e-type=\"widget\" data-widget_type=\"image.default\">\n\t\t\t\t<div class=\"elementor-widget-container\">\n\t\t\t\t\t\t\t\t\t\t\t\t\t\t\t<img decoding=\"async\" src=\"https:\/\/fie.imgix.net\/wp-content\/uploads\/f8e9af5a-b383-463e-96f5-7c0289b98265-scaled.jpeg?auto=format%2Ccompress&amp;fit=crop&amp;ixlib=php-3.3.1&amp;max-h=270&amp;max-w=270&amp;s=e2e34b6c73c0d930fb55ccec176b7d2c\" title=\"f8e9af5a-b383-463e-96f5-7c0289b98265\" alt=\"f8e9af5a-b383-463e-96f5-7c0289b98265\" loading=\"lazy\" \/>\t\t\t\t\t\t\t\t\t\t\t\t\t\t\t<\/div>\n\t\t\t\t<\/div>\n\t\t\t\t<div class=\"elementor-element elementor-element-c58c054 elementor-widget elementor-widget-heading\" data-id=\"c58c054\" data-element_type=\"widget\" data-e-type=\"widget\" data-widget_type=\"heading.default\">\n\t\t\t\t<div class=\"elementor-widget-container\">\n\t\t\t\t\t<p class=\"elementor-heading-title elementor-size-default\">PEER JACOB SVENKERUD<\/p>\t\t\t\t<\/div>\n\t\t\t\t<\/div>\n\t\t\t\t<div class=\"elementor-element elementor-element-52b8a36 elementor-widget elementor-widget-heading\" data-id=\"52b8a36\" data-element_type=\"widget\" data-e-type=\"widget\" data-widget_type=\"heading.default\">\n\t\t\t\t<div class=\"elementor-widget-container\">\n\t\t\t\t\t<p class=\"elementor-heading-title elementor-size-default\">STYREMEDLEM<\/p>\t\t\t\t<\/div>\n\t\t\t\t<\/div>\n\t\t\t\t<\/div>\n\t\t<div class=\"elementor-element elementor-element-5e75119 e-con-full e-flex e-con e-parent\" data-id=\"5e75119\" data-element_type=\"container\" data-e-type=\"container\" data-settings=\"{&quot;jet_parallax_layout_list&quot;:[]}\">\n\t\t\t\t<div class=\"elementor-element elementor-element-1fba962 elementor-widget elementor-widget-image\" data-id=\"1fba962\" data-element_type=\"widget\" data-e-type=\"widget\" data-widget_type=\"image.default\">\n\t\t\t\t<div class=\"elementor-widget-container\">\n\t\t\t\t\t\t\t\t\t\t\t\t\t\t\t<img fetchpriority=\"high\" decoding=\"async\" width=\"500\" height=\"500\" src=\"https:\/\/fie.imgix.net\/wp-content\/uploads\/1521104545042.jpeg?auto=format%2Ccompress&amp;ixlib=php-3.3.1&amp;s=325f4a8aec31a3193d2dd92ad2b9397f\" class=\"attachment-large size-large wp-image-7208\" alt=\"\" srcset=\"https:\/\/fie.imgix.net\/wp-content\/uploads\/1521104545042.jpeg?auto=format%2Ccompress&amp;ixlib=php-3.3.1&amp;w=500&amp;s=ae370f6ad3f4181abd84dd8de856ed87 500w, https:\/\/fie.imgix.net\/wp-content\/uploads\/1521104545042.jpeg?auto=format%2Ccompress&amp;ixlib=php-3.3.1&amp;w=300&amp;s=cd881d6ce2dd92d67026fb425e075881 300w\" sizes=\"(max-width: 500px) 100vw, 500px\" \/>\t\t\t\t\t\t\t\t\t\t\t\t\t\t\t<\/div>\n\t\t\t\t<\/div>\n\t\t\t\t<div class=\"elementor-element elementor-element-492cbe1 elementor-widget elementor-widget-heading\" data-id=\"492cbe1\" data-element_type=\"widget\" data-e-type=\"widget\" data-widget_type=\"heading.default\">\n\t\t\t\t<div class=\"elementor-widget-container\">\n\t\t\t\t\t<p class=\"elementor-heading-title elementor-size-default\">TURID BACKE-VIKEN<\/p>\t\t\t\t<\/div>\n\t\t\t\t<\/div>\n\t\t\t\t<div class=\"elementor-element elementor-element-3f8f74d elementor-widget elementor-widget-heading\" data-id=\"3f8f74d\" data-element_type=\"widget\" data-e-type=\"widget\" data-widget_type=\"heading.default\">\n\t\t\t\t<div class=\"elementor-widget-container\">\n\t\t\t\t\t<p class=\"elementor-heading-title elementor-size-default\">STYREMEDLEM<\/p>\t\t\t\t<\/div>\n\t\t\t\t<\/div>\n\t\t\t\t<\/div>\n\t\t\t\t<\/div>\n\t\t\t\t\t<\/div>\n\t\t\t\t<\/div>\n\t\t\t\t\t<\/div>\n\t\t\t\t<\/div>\n\t\t\t\t<\/div>\n\t\t","protected":false},"excerpt":{"rendered":"<p>Om FiE Opplevelser som begeistrer! Festspillene i Elverum er en klassisk musikkfestival som arrangeres \u00e5rlig i begynnelsen av august. Festivalen opps\u00f8ker flotte konsertlokaler rundt omkring i Elverumregionen der vi skaper opplevelser som begeistrer. Hvert \u00e5r presenteres tre store orkester\u00adproduksjoner i samarbeid med Norges nasjonale ungdomsorkester, Ungdomssymfonikerne. Ole Edvard Antonsen er festivalens kunstneriske leder, og legger [&hellip;]<\/p>\n","protected":false},"author":3,"featured_media":0,"parent":0,"menu_order":0,"comment_status":"closed","ping_status":"closed","template":"","meta":{"inline_featured_image":false,"_jet_sm_ready_style":"","_jet_sm_style":"","_jet_sm_controls_values":"","_jet_sm_fonts_collection":"","_jet_sm_fonts_links":"","footnotes":""},"class_list":["post-7687","page","type-page","status-publish","hentry"],"_links":{"self":[{"href":"https:\/\/fie.no\/en\/wp-json\/wp\/v2\/pages\/7687","targetHints":{"allow":["GET"]}}],"collection":[{"href":"https:\/\/fie.no\/en\/wp-json\/wp\/v2\/pages"}],"about":[{"href":"https:\/\/fie.no\/en\/wp-json\/wp\/v2\/types\/page"}],"author":[{"embeddable":true,"href":"https:\/\/fie.no\/en\/wp-json\/wp\/v2\/users\/3"}],"replies":[{"embeddable":true,"href":"https:\/\/fie.no\/en\/wp-json\/wp\/v2\/comments?post=7687"}],"version-history":[{"count":0,"href":"https:\/\/fie.no\/en\/wp-json\/wp\/v2\/pages\/7687\/revisions"}],"wp:attachment":[{"href":"https:\/\/fie.no\/en\/wp-json\/wp\/v2\/media?parent=7687"}],"curies":[{"name":"wp","href":"https:\/\/api.w.org\/{rel}","templated":true}]}}